{"id":450,"date":"2024-09-23T13:46:23","date_gmt":"2024-09-23T11:46:23","guid":{"rendered":"https:\/\/audeladestoiles.com\/?page_id=450"},"modified":"2024-10-14T16:00:53","modified_gmt":"2024-10-14T14:00:53","slug":"contact","status":"publish","type":"page","link":"https:\/\/audeladestoiles.com\/index.php\/contact\/","title":{"rendered":"Contact"},"content":{"rendered":"<p>[et_pb_section fb_built=&#8221;1&#8243; _builder_version=&#8221;4.27.0&#8243; _module_preset=&#8221;default&#8221; background_color=&#8221;#000000&#8243; global_colors_info=&#8221;{}&#8221;][et_pb_row _builder_version=&#8221;4.27.0&#8243; _module_preset=&#8221;default&#8221; global_colors_info=&#8221;{}&#8221;][et_pb_column type=&#8221;4_4&#8243; _builder_version=&#8221;4.27.0&#8243; _module_preset=&#8221;default&#8221; global_colors_info=&#8221;{}&#8221;][et_pb_text _builder_version=&#8221;4.27.0&#8243; _module_preset=&#8221;default&#8221; global_colors_info=&#8221;{}&#8221;]<\/p>\n<h2><span style=\"color: #ffffff;\"><strong>Pourquoi me contacter ? <span style=\"color: #000000;\">contac contact<\/span><\/strong><\/span><\/h2>\n<p>[\/et_pb_text][et_pb_divider color=&#8221;#FFFFFF&#8221; _builder_version=&#8221;4.27.0&#8243; _module_preset=&#8221;default&#8221; global_colors_info=&#8221;{}&#8221;][\/et_pb_divider][et_pb_text _builder_version=&#8221;4.27.0&#8243; _module_preset=&#8221;default&#8221; custom_margin=&#8221;-25px|||||&#8221; custom_padding=&#8221;0px|||||&#8221; global_colors_info=&#8221;{}&#8221;]<\/p>\n<p><span style=\"color: #ffffff;\">Que vous soyez artiste, organisateur d\u2019\u00e9v\u00e9nements ou simple passionn\u00e9 d\u2019art, n\u2019h\u00e9sitez pas \u00e0 me contacter. Voici quelques raisons pour lesquelles vous pourriez vouloir m\u2019\u00e9crire :<\/span><span style=\"color: #ffffff;\"><span style=\"color: #000000;\">contact contact<\/span><\/span><\/p>\n<p>[\/et_pb_text][\/et_pb_column][\/et_pb_row][et_pb_row column_structure=&#8221;1_3,1_3,1_3&#8243; _builder_version=&#8221;4.27.0&#8243; _module_preset=&#8221;default&#8221; global_colors_info=&#8221;{}&#8221;][et_pb_column type=&#8221;1_3&#8243; _builder_version=&#8221;4.27.0&#8243; _module_preset=&#8221;default&#8221; global_colors_info=&#8221;{}&#8221;][et_pb_text _builder_version=&#8221;4.27.0&#8243; _module_preset=&#8221;default&#8221; global_colors_info=&#8221;{}&#8221;]<\/p>\n<h5 style=\"text-align: center;\"><span style=\"color: #ffffff;\"><strong>Vous \u00eates un artiste<\/strong><\/span><\/h5>\n<p style=\"text-align: center;\"><span style=\"color: #ffffff;\">Vous aimeriez collaborer avec nous pour la r\u00e9alisation d\u2019un \u00e9pisode ou d\u2019un article ? Nous sommes toujours \u00e0 la recherche de talents \u00e0 d\u00e9couvrir et \u00e0 mettre en lumi\u00e8re. Que vous soyez peintre, sculpteur, performeur ou autre, partagez-nous votre univers !<\/span><\/p>\n<p>[\/et_pb_text][\/et_pb_column][et_pb_column type=&#8221;1_3&#8243; _builder_version=&#8221;4.27.0&#8243; _module_preset=&#8221;default&#8221; global_colors_info=&#8221;{}&#8221;][et_pb_text _builder_version=&#8221;4.27.0&#8243; _module_preset=&#8221;default&#8221; global_colors_info=&#8221;{}&#8221;]<\/p>\n<h5 style=\"text-align: center;\"><span style=\"color: #ffffff;\"><strong>Vous organisez un \u00e9v\u00e9nement<\/strong><\/span><\/h5>\n<p style=\"text-align: center;\"><span style=\"color: #ffffff;\">Vous pr\u00e9parez un vernissage, une exposition ou une performance artistique ? Je peux vous aider \u00e0 promouvoir votre \u00e9v\u00e9nement \u00e0 travers un article sur ma plateforme ou sur <br \/><\/span><span style=\"color: #ffffff;\">mes r\u00e9seaux sociaux.<br \/><\/span><span style=\"color: #ffffff;\">Contactez-moi pour en savoir plus.<\/span><\/p>\n<p>[\/et_pb_text][\/et_pb_column][et_pb_column type=&#8221;1_3&#8243; _builder_version=&#8221;4.27.0&#8243; _module_preset=&#8221;default&#8221; global_colors_info=&#8221;{}&#8221;][et_pb_text _builder_version=&#8221;4.27.0&#8243; _module_preset=&#8221;default&#8221; global_colors_info=&#8221;{}&#8221;]<\/p>\n<h5 style=\"text-align: center;\"><span style=\"color: #ffffff;\"><strong>Autres collaborations<\/strong><\/span><\/h5>\n<p style=\"text-align: center;\"><span style=\"color: #ffffff;\">Vous avez une id\u00e9e ou un projet en t\u00eate qui pourrait correspondre \u00e0 ma ligne \u00e9ditoriale ? Je suis toujours ouverte \u00e0 de nouvelles collaborations artistiques ou m\u00e9diatiques. Proposez-moi vos id\u00e9es, je serais ravie d\u2019en discuter.<\/span><\/p>\n<p>[\/et_pb_text][\/et_pb_column][\/et_pb_row][\/et_pb_section][et_pb_section fb_built=&#8221;1&#8243; _builder_version=&#8221;4.27.0&#8243; _module_preset=&#8221;default&#8221; background_color=&#8221;#F2F0E6&#8243; custom_padding=&#8221;19px||2px|||&#8221; global_colors_info=&#8221;{}&#8221;][et_pb_row _builder_version=&#8221;4.27.0&#8243; _module_preset=&#8221;default&#8221; background_color=&#8221;#F2F0E6&#8243; global_colors_info=&#8221;{}&#8221;][et_pb_column type=&#8221;4_4&#8243; _builder_version=&#8221;4.27.0&#8243; _module_preset=&#8221;default&#8221; background_color=&#8221;#F2F0E6&#8243; global_colors_info=&#8221;{}&#8221;][et_pb_contact_form email=&#8221;audeladestoiles@gmail.com&#8221; title=&#8221;ME CONTACTER&#8221; success_message=&#8221;Merci pour votre message ! Nous vous r\u00e9pondrons dans les plus brefs d\u00e9lais et sommes ravis de votre int\u00e9r\u00eat pour Au-del\u00e0 des toiles.&#8221; submit_button_text=&#8221;Envoyer&#8221; _builder_version=&#8221;4.27.0&#8243; _module_preset=&#8221;default&#8221; _unique_id=&#8221;9d6d94ae-6daf-4edb-b73f-cece0554414a&#8221; form_field_background_color=&#8221;#FFFFFF&#8221; form_field_text_color=&#8221;#000000&#8243; title_text_color=&#8221;#000000&#8243; background_color=&#8221;#F2F0E6&#8243; custom_button=&#8221;on&#8221; button_text_color=&#8221;#000000&#8243; button_bg_color=&#8221;#F2F0E6&#8243; global_colors_info=&#8221;{}&#8221;][et_pb_contact_field field_id=&#8221;Nom&#8221; field_title=&#8221;Nom&#8221; _builder_version=&#8221;4.27.0&#8243; global_colors_info=&#8221;{}&#8221; button_text_size__hover_enabled=&#8221;off&#8221; button_one_text_size__hover_enabled=&#8221;off&#8221; button_two_text_size__hover_enabled=&#8221;off&#8221; button_text_color__hover_enabled=&#8221;off&#8221; button_one_text_color__hover_enabled=&#8221;off&#8221; button_two_text_color__hover_enabled=&#8221;off&#8221; button_border_width__hover_enabled=&#8221;off&#8221; button_one_border_width__hover_enabled=&#8221;off&#8221; button_two_border_width__hover_enabled=&#8221;off&#8221; button_border_color__hover_enabled=&#8221;off&#8221; button_one_border_color__hover_enabled=&#8221;off&#8221; button_two_border_color__hover_enabled=&#8221;off&#8221; button_border_radius__hover_enabled=&#8221;off&#8221; button_one_border_radius__hover_enabled=&#8221;off&#8221; button_two_border_radius__hover_enabled=&#8221;off&#8221; button_letter_spacing__hover_enabled=&#8221;off&#8221; button_one_letter_spacing__hover_enabled=&#8221;off&#8221; button_two_letter_spacing__hover_enabled=&#8221;off&#8221; button_bg_color__hover_enabled=&#8221;off&#8221; button_one_bg_color__hover_enabled=&#8221;off&#8221; button_two_bg_color__hover_enabled=&#8221;off&#8221;][\/et_pb_contact_field][et_pb_contact_field field_id=&#8221;Email&#8221; field_title=&#8221;Adresse e-mail&#8221; field_type=&#8221;email&#8221; _builder_version=&#8221;4.16&#8243; global_colors_info=&#8221;{}&#8221; button_text_size__hover_enabled=&#8221;off&#8221; button_one_text_size__hover_enabled=&#8221;off&#8221; button_two_text_size__hover_enabled=&#8221;off&#8221; button_text_color__hover_enabled=&#8221;off&#8221; button_one_text_color__hover_enabled=&#8221;off&#8221; button_two_text_color__hover_enabled=&#8221;off&#8221; button_border_width__hover_enabled=&#8221;off&#8221; button_one_border_width__hover_enabled=&#8221;off&#8221; button_two_border_width__hover_enabled=&#8221;off&#8221; button_border_color__hover_enabled=&#8221;off&#8221; button_one_border_color__hover_enabled=&#8221;off&#8221; button_two_border_color__hover_enabled=&#8221;off&#8221; button_border_radius__hover_enabled=&#8221;off&#8221; button_one_border_radius__hover_enabled=&#8221;off&#8221; button_two_border_radius__hover_enabled=&#8221;off&#8221; button_letter_spacing__hover_enabled=&#8221;off&#8221; button_one_letter_spacing__hover_enabled=&#8221;off&#8221; button_two_letter_spacing__hover_enabled=&#8221;off&#8221; button_bg_color__hover_enabled=&#8221;off&#8221; button_one_bg_color__hover_enabled=&#8221;off&#8221; button_two_bg_color__hover_enabled=&#8221;off&#8221;][\/et_pb_contact_field][et_pb_contact_field field_id=&#8221;Message&#8221; field_title=&#8221;Message&#8221; field_type=&#8221;text&#8221; fullwidth_field=&#8221;on&#8221; _builder_version=&#8221;4.16&#8243; global_colors_info=&#8221;{}&#8221; button_text_size__hover_enabled=&#8221;off&#8221; button_one_text_size__hover_enabled=&#8221;off&#8221; button_two_text_size__hover_enabled=&#8221;off&#8221; button_text_color__hover_enabled=&#8221;off&#8221; button_one_text_color__hover_enabled=&#8221;off&#8221; button_two_text_color__hover_enabled=&#8221;off&#8221; button_border_width__hover_enabled=&#8221;off&#8221; button_one_border_width__hover_enabled=&#8221;off&#8221; button_two_border_width__hover_enabled=&#8221;off&#8221; button_border_color__hover_enabled=&#8221;off&#8221; button_one_border_color__hover_enabled=&#8221;off&#8221; button_two_border_color__hover_enabled=&#8221;off&#8221; button_border_radius__hover_enabled=&#8221;off&#8221; button_one_border_radius__hover_enabled=&#8221;off&#8221; button_two_border_radius__hover_enabled=&#8221;off&#8221; button_letter_spacing__hover_enabled=&#8221;off&#8221; button_one_letter_spacing__hover_enabled=&#8221;off&#8221; button_two_letter_spacing__hover_enabled=&#8221;off&#8221; button_bg_color__hover_enabled=&#8221;off&#8221; button_one_bg_color__hover_enabled=&#8221;off&#8221; button_two_bg_color__hover_enabled=&#8221;off&#8221;][\/et_pb_contact_field][\/et_pb_contact_form][\/et_pb_column][\/et_pb_row][\/et_pb_section][et_pb_section fb_built=&#8221;1&#8243; _builder_version=&#8221;4.27.0&#8243; _module_preset=&#8221;default&#8221; background_color=&#8221;#000000&#8243; custom_padding=&#8221;2px||0px|||&#8221; global_colors_info=&#8221;{}&#8221;][et_pb_row column_structure=&#8221;1_3,2_3&#8243; _builder_version=&#8221;4.27.0&#8243; _module_preset=&#8221;default&#8221; global_colors_info=&#8221;{}&#8221;][et_pb_column type=&#8221;1_3&#8243; _builder_version=&#8221;4.27.0&#8243; _module_preset=&#8221;default&#8221; global_colors_info=&#8221;{}&#8221;][et_pb_image src=&#8221;http:\/\/audeladestoiles.com\/wp-content\/uploads\/2024\/09\/Capture-decran-2024-09-29-a-16.39.02.png&#8221; alt=&#8221;contact-mus\u00e9e-galerie-propos&#8221; title_text=&#8221;Photo dans mus\u00e9e&#8221; _builder_version=&#8221;4.27.0&#8243; _module_preset=&#8221;default&#8221; global_colors_info=&#8221;{}&#8221;][\/et_pb_image][\/et_pb_column][et_pb_column type=&#8221;2_3&#8243; _builder_version=&#8221;4.27.0&#8243; _module_preset=&#8221;default&#8221; global_colors_info=&#8221;{}&#8221;][et_pb_text _builder_version=&#8221;4.27.0&#8243; _module_preset=&#8221;default&#8221; global_colors_info=&#8221;{}&#8221;]<\/p>\n<h2><span><\/span><\/h2>\n<h2><span><\/span><\/h2>\n<h2><span><\/span><\/h2>\n<h2><span><\/span><\/h2>\n<h2><span><\/span><\/h2>\n<h2><span><\/span><\/h2>\n<h2 style=\"text-align: justify;\"><strong style=\"color: #ffffff; font-size: 22px;\">\u00c0 propos de moi : <span style=\"color: #000000;\">contact<\/span><\/strong><br \/><span><\/span><\/h2>\n<h2 style=\"text-align: justify;\"><span style=\"color: #ffffff;\"><\/span><\/h2>\n<p style=\"text-align: justify;\"><span style=\"color: #ffffff;\">Passionn\u00e9e d\u2019art, j\u2019ai d\u00e9couvert r\u00e9cemment \u00e0 quel point il pouvait transformer ma vision du monde. Cette r\u00e9v\u00e9lation m\u2019a incit\u00e9e \u00e0 partager mes r\u00e9flexions et mes connaissances, ce qui m\u2019a men\u00e9e au lancement d\u2019une cha\u00eene de podcast en mars 2024. Ce projet a \u00e9volu\u00e9 pour devenir un m\u00e9dia, o\u00f9 je m\u2019efforce de rendre cet univers accessible \u00e0 tous.<\/span><\/p>\n<p style=\"text-align: justify;\"><span style=\"color: #ffffff;\">Sur ce site, vous trouverez des articles, des interviews et des analyses qui mettent en lumi\u00e8re les tendances artistiques contemporaines et les artistes \u00e9mergents. Mon objectif est de favoriser une compr\u00e9hension plus profonde de l\u2019art, en cr\u00e9ant des dialogues autour de ses multiples facettes. \u00c0 travers cette plateforme, je souhaite encourager chacun \u00e0 explorer et appr\u00e9cier la diversit\u00e9 et la richesse de la cr\u00e9ation.<\/span><\/p>\n<p style=\"text-align: justify;\"><span style=\"color: #ffffff;\">Je crois fermement que chaque \u0153uvre raconte une histoire qui m\u00e9rite d\u2019\u00eatre entendue, et je suis convaincue que l\u2019art est un puissant vecteur de r\u00e9flexion et de dialogue.<\/span><\/p>\n<p style=\"text-align: justify;\">\n<p>[\/et_pb_text][\/et_pb_column][\/et_pb_row][\/et_pb_section]<\/p>\n","protected":false},"excerpt":{"rendered":"<p>Pourquoi me contacter ? contac contactQue vous soyez artiste, organisateur d\u2019\u00e9v\u00e9nements ou simple passionn\u00e9 d\u2019art, n\u2019h\u00e9sitez pas \u00e0 me contacter. Voici quelques raisons pour lesquelles vous pourriez vouloir m\u2019\u00e9crire :contact contactVous \u00eates un artiste Vous aimeriez collaborer avec nous pour la r\u00e9alisation d\u2019un \u00e9pisode ou d\u2019un article ? Nous sommes toujours \u00e0 la recherche de [&hellip;]<\/p>\n","protected":false},"author":1,"featured_media":0,"parent":0,"menu_order":0,"comment_status":"closed","ping_status":"closed","template":"","meta":{"_et_pb_use_builder":"on","_et_pb_old_content":"","_et_gb_content_width":"","footnotes":""},"class_list":["post-450","page","type-page","status-publish","hentry"],"yoast_head":"<!-- This site is optimized with the Yoast SEO plugin v27.5 - https:\/\/yoast.com\/product\/yoast-seo-wordpress\/ -->\n<title>Contact - Au-del\u00e0 des toiles<\/title>\n<meta name=\"description\" content=\"Contactez-nous pour toute question ou collaboration li\u00e9e \u00e0 l&#039;art. N&#039;h\u00e9sitez pas \u00e0 partager vos id\u00e9es gr\u00e2ce au formulaire de contact.\" \/>\n<meta name=\"robots\" content=\"index, follow, max-snippet:-1, max-image-preview:large, max-video-preview:-1\" \/>\n<link rel=\"canonical\" href=\"https:\/\/audeladestoiles.com\/index.php\/contact\/\" \/>\n<meta property=\"og:locale\" content=\"en_US\" \/>\n<meta property=\"og:type\" content=\"article\" \/>\n<meta property=\"og:title\" content=\"Contact - Au-del\u00e0 des toiles\" \/>\n<meta property=\"og:description\" content=\"Contactez-nous pour toute question ou collaboration li\u00e9e \u00e0 l&#039;art. N&#039;h\u00e9sitez pas \u00e0 partager vos id\u00e9es gr\u00e2ce au formulaire de contact.\" \/>\n<meta property=\"og:url\" content=\"https:\/\/audeladestoiles.com\/index.php\/contact\/\" \/>\n<meta property=\"og:site_name\" content=\"Au-del\u00e0 des toiles\" \/>\n<meta property=\"article:publisher\" content=\"https:\/\/www.facebook.com\/profile.php?id=61559291932256\" \/>\n<meta property=\"article:modified_time\" content=\"2024-10-14T14:00:53+00:00\" \/>\n<meta name=\"twitter:card\" content=\"summary_large_image\" \/>\n<meta name=\"twitter:label1\" content=\"Est. reading time\" \/>\n\t<meta name=\"twitter:data1\" content=\"2 minutes\" \/>\n<script type=\"application\/ld+json\" class=\"yoast-schema-graph\">{\"@context\":\"https:\\\/\\\/schema.org\",\"@graph\":[{\"@type\":\"WebPage\",\"@id\":\"https:\\\/\\\/audeladestoiles.com\\\/index.php\\\/contact\\\/\",\"url\":\"https:\\\/\\\/audeladestoiles.com\\\/index.php\\\/contact\\\/\",\"name\":\"Contact - Au-del\u00e0 des toiles\",\"isPartOf\":{\"@id\":\"https:\\\/\\\/audeladestoiles.com\\\/#website\"},\"datePublished\":\"2024-09-23T11:46:23+00:00\",\"dateModified\":\"2024-10-14T14:00:53+00:00\",\"description\":\"Contactez-nous pour toute question ou collaboration li\u00e9e \u00e0 l'art. N'h\u00e9sitez pas \u00e0 partager vos id\u00e9es gr\u00e2ce au formulaire de contact.\",\"breadcrumb\":{\"@id\":\"https:\\\/\\\/audeladestoiles.com\\\/index.php\\\/contact\\\/#breadcrumb\"},\"inLanguage\":\"en-US\",\"potentialAction\":[{\"@type\":\"ReadAction\",\"target\":[\"https:\\\/\\\/audeladestoiles.com\\\/index.php\\\/contact\\\/\"]}]},{\"@type\":\"BreadcrumbList\",\"@id\":\"https:\\\/\\\/audeladestoiles.com\\\/index.php\\\/contact\\\/#breadcrumb\",\"itemListElement\":[{\"@type\":\"ListItem\",\"position\":1,\"name\":\"Accueil\",\"item\":\"https:\\\/\\\/audeladestoiles.com\\\/\"},{\"@type\":\"ListItem\",\"position\":2,\"name\":\"Contact\"}]},{\"@type\":\"WebSite\",\"@id\":\"https:\\\/\\\/audeladestoiles.com\\\/#website\",\"url\":\"https:\\\/\\\/audeladestoiles.com\\\/\",\"name\":\"Au-del\u00e0 des toiles\",\"description\":\"D\u00e9couvrez l&#039;art sous un nouveau regard\",\"publisher\":{\"@id\":\"https:\\\/\\\/audeladestoiles.com\\\/#organization\"},\"potentialAction\":[{\"@type\":\"SearchAction\",\"target\":{\"@type\":\"EntryPoint\",\"urlTemplate\":\"https:\\\/\\\/audeladestoiles.com\\\/?s={search_term_string}\"},\"query-input\":{\"@type\":\"PropertyValueSpecification\",\"valueRequired\":true,\"valueName\":\"search_term_string\"}}],\"inLanguage\":\"en-US\"},{\"@type\":\"Organization\",\"@id\":\"https:\\\/\\\/audeladestoiles.com\\\/#organization\",\"name\":\"Au-del\u00e0 des toiles\",\"url\":\"https:\\\/\\\/audeladestoiles.com\\\/\",\"logo\":{\"@type\":\"ImageObject\",\"inLanguage\":\"en-US\",\"@id\":\"https:\\\/\\\/audeladestoiles.com\\\/#\\\/schema\\\/logo\\\/image\\\/\",\"url\":\"https:\\\/\\\/audeladestoiles.com\\\/wp-content\\\/uploads\\\/2024\\\/09\\\/Logo-1.png\",\"contentUrl\":\"https:\\\/\\\/audeladestoiles.com\\\/wp-content\\\/uploads\\\/2024\\\/09\\\/Logo-1.png\",\"width\":294,\"height\":325,\"caption\":\"Au-del\u00e0 des toiles\"},\"image\":{\"@id\":\"https:\\\/\\\/audeladestoiles.com\\\/#\\\/schema\\\/logo\\\/image\\\/\"},\"sameAs\":[\"https:\\\/\\\/www.facebook.com\\\/profile.php?id=61559291932256\",\"https:\\\/\\\/www.instagram.com\\\/au_dela_des_toiles\\\/\"]}]}<\/script>\n<!-- \/ Yoast SEO plugin. -->","yoast_head_json":{"title":"Contact - Au-del\u00e0 des toiles","description":"Contactez-nous pour toute question ou collaboration li\u00e9e \u00e0 l'art. N'h\u00e9sitez pas \u00e0 partager vos id\u00e9es gr\u00e2ce au formulaire de contact.","robots":{"index":"index","follow":"follow","max-snippet":"max-snippet:-1","max-image-preview":"max-image-preview:large","max-video-preview":"max-video-preview:-1"},"canonical":"https:\/\/audeladestoiles.com\/index.php\/contact\/","og_locale":"en_US","og_type":"article","og_title":"Contact - Au-del\u00e0 des toiles","og_description":"Contactez-nous pour toute question ou collaboration li\u00e9e \u00e0 l'art. N'h\u00e9sitez pas \u00e0 partager vos id\u00e9es gr\u00e2ce au formulaire de contact.","og_url":"https:\/\/audeladestoiles.com\/index.php\/contact\/","og_site_name":"Au-del\u00e0 des toiles","article_publisher":"https:\/\/www.facebook.com\/profile.php?id=61559291932256","article_modified_time":"2024-10-14T14:00:53+00:00","twitter_card":"summary_large_image","twitter_misc":{"Est. reading time":"2 minutes"},"schema":{"@context":"https:\/\/schema.org","@graph":[{"@type":"WebPage","@id":"https:\/\/audeladestoiles.com\/index.php\/contact\/","url":"https:\/\/audeladestoiles.com\/index.php\/contact\/","name":"Contact - Au-del\u00e0 des toiles","isPartOf":{"@id":"https:\/\/audeladestoiles.com\/#website"},"datePublished":"2024-09-23T11:46:23+00:00","dateModified":"2024-10-14T14:00:53+00:00","description":"Contactez-nous pour toute question ou collaboration li\u00e9e \u00e0 l'art. N'h\u00e9sitez pas \u00e0 partager vos id\u00e9es gr\u00e2ce au formulaire de contact.","breadcrumb":{"@id":"https:\/\/audeladestoiles.com\/index.php\/contact\/#breadcrumb"},"inLanguage":"en-US","potentialAction":[{"@type":"ReadAction","target":["https:\/\/audeladestoiles.com\/index.php\/contact\/"]}]},{"@type":"BreadcrumbList","@id":"https:\/\/audeladestoiles.com\/index.php\/contact\/#breadcrumb","itemListElement":[{"@type":"ListItem","position":1,"name":"Accueil","item":"https:\/\/audeladestoiles.com\/"},{"@type":"ListItem","position":2,"name":"Contact"}]},{"@type":"WebSite","@id":"https:\/\/audeladestoiles.com\/#website","url":"https:\/\/audeladestoiles.com\/","name":"Au-del\u00e0 des toiles","description":"D\u00e9couvrez l&#039;art sous un nouveau regard","publisher":{"@id":"https:\/\/audeladestoiles.com\/#organization"},"potentialAction":[{"@type":"SearchAction","target":{"@type":"EntryPoint","urlTemplate":"https:\/\/audeladestoiles.com\/?s={search_term_string}"},"query-input":{"@type":"PropertyValueSpecification","valueRequired":true,"valueName":"search_term_string"}}],"inLanguage":"en-US"},{"@type":"Organization","@id":"https:\/\/audeladestoiles.com\/#organization","name":"Au-del\u00e0 des toiles","url":"https:\/\/audeladestoiles.com\/","logo":{"@type":"ImageObject","inLanguage":"en-US","@id":"https:\/\/audeladestoiles.com\/#\/schema\/logo\/image\/","url":"https:\/\/audeladestoiles.com\/wp-content\/uploads\/2024\/09\/Logo-1.png","contentUrl":"https:\/\/audeladestoiles.com\/wp-content\/uploads\/2024\/09\/Logo-1.png","width":294,"height":325,"caption":"Au-del\u00e0 des toiles"},"image":{"@id":"https:\/\/audeladestoiles.com\/#\/schema\/logo\/image\/"},"sameAs":["https:\/\/www.facebook.com\/profile.php?id=61559291932256","https:\/\/www.instagram.com\/au_dela_des_toiles\/"]}]}},"_links":{"self":[{"href":"https:\/\/audeladestoiles.com\/index.php\/wp-json\/wp\/v2\/pages\/450","targetHints":{"allow":["GET"]}}],"collection":[{"href":"https:\/\/audeladestoiles.com\/index.php\/wp-json\/wp\/v2\/pages"}],"about":[{"href":"https:\/\/audeladestoiles.com\/index.php\/wp-json\/wp\/v2\/types\/page"}],"author":[{"embeddable":true,"href":"https:\/\/audeladestoiles.com\/index.php\/wp-json\/wp\/v2\/users\/1"}],"replies":[{"embeddable":true,"href":"https:\/\/audeladestoiles.com\/index.php\/wp-json\/wp\/v2\/comments?post=450"}],"version-history":[{"count":0,"href":"https:\/\/audeladestoiles.com\/index.php\/wp-json\/wp\/v2\/pages\/450\/revisions"}],"wp:attachment":[{"href":"https:\/\/audeladestoiles.com\/index.php\/wp-json\/wp\/v2\/media?parent=450"}],"curies":[{"name":"wp","href":"https:\/\/api.w.org\/{rel}","templated":true}]}}